{"id":1034,"date":"2024-10-02T14:53:32","date_gmt":"2024-10-02T14:53:32","guid":{"rendered":"https:\/\/comfortfloors.be\/?page_id=1034"},"modified":"2025-02-21T07:36:40","modified_gmt":"2025-02-21T06:36:40","slug":"egaline","status":"publish","type":"page","link":"https:\/\/comfortfloors.be\/fr\/egaline\/","title":{"rendered":"Equalin"},"content":{"rendered":"<div data-elementor-type=\"wp-page\" data-elementor-id=\"1034\" class=\"elementor elementor-1034\">\n\t\t\t\t<div class=\"elementor-element elementor-element-b2ba227 e-con-full animated-slow e-flex e-con e-parent\" data-id=\"b2ba227\" data-element_type=\"container\" data-e-type=\"container\" data-settings=\"{&quot;background_background&quot;:&quot;classic&quot;,&quot;animation&quot;:&quot;none&quot;}\">\n\t\t\t\t<div class=\"elementor-element elementor-element-467a148 elementor-widget elementor-widget-heading\" data-id=\"467a148\" data-element_type=\"widget\" data-e-type=\"widget\" data-widget_type=\"heading.default\">\n\t\t\t\t<div class=\"elementor-widget-container\">\n\t\t\t\t\t<h2 class=\"elementor-heading-title elementor-size-default\">Equalin<\/h2>\t\t\t\t<\/div>\n\t\t\t\t<\/div>\n\t\t\t\t<\/div>\n\t\t<div class=\"elementor-element elementor-element-6139ab7 e-flex e-con-boxed e-con e-parent\" data-id=\"6139ab7\" data-element_type=\"container\" data-e-type=\"container\" data-settings=\"{&quot;background_background&quot;:&quot;classic&quot;}\">\n\t\t\t\t\t<div class=\"e-con-inner\">\n\t\t\t\t<div class=\"elementor-element elementor-element-0280e89 elementor-widget elementor-widget-spacer\" data-id=\"0280e89\" data-element_type=\"widget\" data-e-type=\"widget\" data-widget_type=\"spacer.default\">\n\t\t\t\t<div class=\"elementor-widget-container\">\n\t\t\t\t\t\t\t<div class=\"elementor-spacer\">\n\t\t\t<div class=\"elementor-spacer-inner\"><\/div>\n\t\t<\/div>\n\t\t\t\t\t\t<\/div>\n\t\t\t\t<\/div>\n\t\t\t\t<div class=\"elementor-element elementor-element-de93d76 elementor-widget elementor-widget-text-editor\" data-id=\"de93d76\" data-element_type=\"widget\" data-e-type=\"widget\" data-widget_type=\"text-editor.default\">\n\t\t\t\t<div class=\"elementor-widget-container\">\n\t\t\t\t\t\t\t\t\t<p>Les masses d'\u00e9galisation sont la solution id\u00e9ale pour obtenir une surface plane.\u00a0<\/p><p>Vous r\u00e9novez et vous avez d\u00e9cid\u00e9 d'enlever votre ancien sol (p.ex. carrelage) ? La masse d'\u00e9galisation est alors la solution id\u00e9ale si votre chape d'origine n'est plus suffisamment plane. Il s'agit d'une couche d'\u00e9galisation \u00e0 base de ciment que vous utilisez pour rendre votre support plat, afin qu'il soit pr\u00eat \u00e0 recevoir d'autres finitions.\u00a0<\/p><p>Pour installer nos microtopping ou nos sols en PU, nous avons besoin d'une surface plane. C'est l\u00e0 que les produits d'\u00e9galisation peuvent \u00eatre utiles.<\/p>\t\t\t\t\t\t\t\t<\/div>\n\t\t\t\t<\/div>\n\t\t\t\t\t<\/div>\n\t\t\t\t<\/div>\n\t\t<div class=\"elementor-element elementor-element-d4baf7a e-flex e-con-boxed e-con e-parent\" data-id=\"d4baf7a\" data-element_type=\"container\" data-e-type=\"container\" data-settings=\"{&quot;background_background&quot;:&quot;classic&quot;}\">\n\t\t\t\t\t<div class=\"e-con-inner\">\n\t\t<div class=\"elementor-element elementor-element-a87a1fb e-con-full e-flex e-con e-child\" data-id=\"a87a1fb\" data-element_type=\"container\" data-e-type=\"container\">\n\t\t\t\t<div class=\"elementor-element elementor-element-ec98e32 elementor-widget elementor-widget-spacer\" data-id=\"ec98e32\" data-element_type=\"widget\" data-e-type=\"widget\" data-widget_type=\"spacer.default\">\n\t\t\t\t<div class=\"elementor-widget-container\">\n\t\t\t\t\t\t\t<div class=\"elementor-spacer\">\n\t\t\t<div class=\"elementor-spacer-inner\"><\/div>\n\t\t<\/div>\n\t\t\t\t\t\t<\/div>\n\t\t\t\t<\/div>\n\t\t\t\t<div class=\"elementor-element elementor-element-ace0838 elementor-widget elementor-widget-heading\" data-id=\"ace0838\" data-element_type=\"widget\" data-e-type=\"widget\" data-widget_type=\"heading.default\">\n\t\t\t\t<div class=\"elementor-widget-container\">\n\t\t\t\t\t<h3 class=\"elementor-heading-title elementor-size-default\">Le placement<\/h3>\t\t\t\t<\/div>\n\t\t\t\t<\/div>\n\t\t\t\t<div class=\"elementor-element elementor-element-97a8b8b elementor-widget elementor-widget-text-editor\" data-id=\"97a8b8b\" data-element_type=\"widget\" data-e-type=\"widget\" data-widget_type=\"text-editor.default\">\n\t\t\t\t<div class=\"elementor-widget-container\">\n\t\t\t\t\t\t\t\t\t<p>Une couche d'\u00e9galisation \u00e0 base de ciment n\u00e9cessite beaucoup d'eau.<strong>&nbsp;temps de s\u00e9chage<\/strong>&nbsp;doivent toujours&nbsp;<strong>respect<\/strong>. Le substrat doit d'abord \u00eatre bien&nbsp;<strong>durcissement<\/strong>&nbsp;avant de poser nos produits, tels que le Microtopping ou la chape en polyur\u00e9thane.<\/p>\n<p>Ce n'est que lorsque le support est suffisamment sec que vous pouvez commencer \u00e0 l'appliquer&nbsp;<strong>renouveler<\/strong>&nbsp;avec, par exemple, un&nbsp;<strong>Sol en PU ou microtopping.<\/strong><\/p>\t\t\t\t\t\t\t\t<\/div>\n\t\t\t\t<\/div>\n\t\t\t\t<div class=\"elementor-element elementor-element-8b0c336 elementor-widget elementor-widget-spacer\" data-id=\"8b0c336\" data-element_type=\"widget\" data-e-type=\"widget\" data-widget_type=\"spacer.default\">\n\t\t\t\t<div class=\"elementor-widget-container\">\n\t\t\t\t\t\t\t<div class=\"elementor-spacer\">\n\t\t\t<div class=\"elementor-spacer-inner\"><\/div>\n\t\t<\/div>\n\t\t\t\t\t\t<\/div>\n\t\t\t\t<\/div>\n\t\t\t\t<div class=\"elementor-element elementor-element-327bd25 elementor-widget elementor-widget-heading\" data-id=\"327bd25\" data-element_type=\"widget\" data-e-type=\"widget\" data-widget_type=\"heading.default\">\n\t\t\t\t<div class=\"elementor-widget-container\">\n\t\t\t\t\t<h3 class=\"elementor-heading-title elementor-size-default\">Faites installer un produit d'\u00e9galisation par Comfort Floors !<\/h3>\t\t\t\t<\/div>\n\t\t\t\t<\/div>\n\t\t\t\t<div class=\"elementor-element elementor-element-0778677 elementor-align-center elementor-widget elementor-widget-button\" data-id=\"0778677\" data-element_type=\"widget\" data-e-type=\"widget\" data-widget_type=\"button.default\">\n\t\t\t\t<div class=\"elementor-widget-container\">\n\t\t\t\t\t\t\t\t\t<div class=\"elementor-button-wrapper\">\n\t\t\t\t\t<a class=\"elementor-button elementor-button-link elementor-size-sm elementor-animation-grow\" href=\"https:\/\/comfortfloors.be\/fr\/contact\/\">\n\t\t\t\t\t\t<span class=\"elementor-button-content-wrapper\">\n\t\t\t\t\t\t\t\t\t<span class=\"elementor-button-text\">Demandez votre devis sans engagement !<\/span>\n\t\t\t\t\t<\/span>\n\t\t\t\t\t<\/a>\n\t\t\t\t<\/div>\n\t\t\t\t\t\t\t\t<\/div>\n\t\t\t\t<\/div>\n\t\t\t\t<div class=\"elementor-element elementor-element-26c8862 elementor-widget elementor-widget-spacer\" data-id=\"26c8862\" data-element_type=\"widget\" data-e-type=\"widget\" data-widget_type=\"spacer.default\">\n\t\t\t\t<div class=\"elementor-widget-container\">\n\t\t\t\t\t\t\t<div class=\"elementor-spacer\">\n\t\t\t<div class=\"elementor-spacer-inner\"><\/div>\n\t\t<\/div>\n\t\t\t\t\t\t<\/div>\n\t\t\t\t<\/div>\n\t\t\t\t<\/div>\n\t\t\t\t\t<\/div>\n\t\t\t\t<\/div>\n\t\t\t\t<\/div>","protected":false},"excerpt":{"rendered":"<p>Egaline Egaline is de perfecte oplossing voor een egale ondergrond.\u00a0 Ben je bezig met een renovatie en heb je besloten om jouw oude vloer (vb. tegels) te verwijderen? Dan is egaline de ideale oplossing als jouw originele chape niet meer egaal genoeg is. Het is een egalisatielaag o.b.v. cement die je gebruikt om je ondergrond [&hellip;]<\/p>\n","protected":false},"author":8,"featured_media":0,"parent":0,"menu_order":0,"comment_status":"closed","ping_status":"closed","template":"elementor_header_footer","meta":{"_monsterinsights_skip_tracking":false,"_monsterinsights_sitenote_active":false,"_monsterinsights_sitenote_note":"","_monsterinsights_sitenote_category":0,"footnotes":""},"class_list":["post-1034","page","type-page","status-publish","hentry"],"_links":{"self":[{"href":"https:\/\/comfortfloors.be\/fr\/wp-json\/wp\/v2\/pages\/1034","targetHints":{"allow":["GET"]}}],"collection":[{"href":"https:\/\/comfortfloors.be\/fr\/wp-json\/wp\/v2\/pages"}],"about":[{"href":"https:\/\/comfortfloors.be\/fr\/wp-json\/wp\/v2\/types\/page"}],"author":[{"embeddable":true,"href":"https:\/\/comfortfloors.be\/fr\/wp-json\/wp\/v2\/users\/8"}],"replies":[{"embeddable":true,"href":"https:\/\/comfortfloors.be\/fr\/wp-json\/wp\/v2\/comments?post=1034"}],"version-history":[{"count":1,"href":"https:\/\/comfortfloors.be\/fr\/wp-json\/wp\/v2\/pages\/1034\/revisions"}],"predecessor-version":[{"id":1437,"href":"https:\/\/comfortfloors.be\/fr\/wp-json\/wp\/v2\/pages\/1034\/revisions\/1437"}],"wp:attachment":[{"href":"https:\/\/comfortfloors.be\/fr\/wp-json\/wp\/v2\/media?parent=1034"}],"curies":[{"name":"wp","href":"https:\/\/api.w.org\/{rel}","templated":true}]}}