{"id":414,"date":"2022-10-02T11:18:14","date_gmt":"2022-10-02T11:18:14","guid":{"rendered":"https:\/\/comfortfloors.be\/?page_id=414"},"modified":"2025-02-21T07:36:41","modified_gmt":"2025-02-21T06:36:41","slug":"privacy","status":"publish","type":"page","link":"https:\/\/comfortfloors.be\/fr\/privacy\/","title":{"rendered":"D\u00e9claration de confidentialit\u00e9"},"content":{"rendered":"<h2><em>D\u00e9claration de confidentialit\u00e9<\/em><\/h2>\n<p style=\"font-weight: 400;\">Comfort Floors bvba, situ\u00e9 \u00e0 Oeyvaersbosch 19 Aartselaar 2630, est responsable du traitement des donn\u00e9es personnelles tel que d\u00e9crit dans cette d\u00e9claration de confidentialit\u00e9.<\/p>\n<p style=\"font-weight: 400;\">Coordonn\u00e9es de la personne \u00e0 contacter :<\/p>\n<p style=\"font-weight: 400;\">\n<blockquote class=\"wp-embedded-content\" data-secret=\"uObztYciHG\"><p><a href=\"https:\/\/comfortfloors.be\/fr\/\">Accueil<\/a><\/p><\/blockquote>\n<p><iframe class=\"wp-embedded-content\" sandbox=\"allow-scripts\" security=\"restricted\" style=\"position: absolute; visibility: hidden;\" title=\"&quot;Home&quot; - Planchers confortables\" src=\"https:\/\/comfortfloors.be\/embed\/#?secret=KGcqXBPX4Q#?secret=uObztYciHG\" data-secret=\"uObztYciHG\" width=\"600\" height=\"338\" frameborder=\"0\" marginwidth=\"0\" marginheight=\"0\" scrolling=\"no\"><\/iframe><\/p>\n<p style=\"font-weight: 400;\">Aartselaar 2630 Oeyvaersbosch 19, Belgique<\/p>\n<p style=\"font-weight: 400;\">+32 483 73 84 95<\/p>\n<p style=\"font-weight: 400;\"><strong>Donn\u00e9es personnelles que nous traitons<\/strong><\/p>\n<p style=\"font-weight: 400;\">Comfort Floors bvba traite vos donn\u00e9es personnelles parce que vous utilisez nos services et\/ou parce que vous nous les fournissez vous-m\u00eame.<\/p>\n<p style=\"font-weight: 400;\">Vous trouverez ci-dessous un aper\u00e7u des donn\u00e9es personnelles que nous traitons :<\/p>\n<p style=\"font-weight: 400;\">- Pr\u00e9nom et nom<\/p>\n<p style=\"font-weight: 400;\">- Num\u00e9ro de t\u00e9l\u00e9phone<\/p>\n<p style=\"font-weight: 400;\">- Adresse \u00e9lectronique<\/p>\n<p style=\"font-weight: 400;\">- Adresse IP<\/p>\n<p style=\"font-weight: 400;\">- D\u00e9tails de l'emplacement<\/p>\n<p style=\"font-weight: 400;\">- Donn\u00e9es relatives \u00e0 vos activit\u00e9s sur notre site web<\/p>\n<p style=\"font-weight: 400;\"><strong>Donn\u00e9es personnelles sp\u00e9ciales et\/ou sensibles que nous traitons<\/strong><\/p>\n<p style=\"font-weight: 400;\">Notre site web et\/ou service n'a pas l'intention de collecter des donn\u00e9es sur les visiteurs du site web \u00e2g\u00e9s de moins de 16 ans. \u00c0 moins qu'ils ne disposent d'une autorisation parentale ou d'un tuteur. Toutefois, nous ne pouvons pas v\u00e9rifier si un visiteur a plus de 16 ans. Nous conseillons donc aux parents de s'impliquer dans les activit\u00e9s en ligne de leurs enfants afin d'\u00e9viter de collecter des donn\u00e9es sur les enfants sans leur consentement. Si vous \u00eates convaincu que nous avons collect\u00e9 des donn\u00e9es personnelles sur un mineur sans ce consentement, veuillez nous contacter \u00e0 l'adresse info@comfort.expertmedia.be et nous supprimerons ces informations.<\/p>\n<p style=\"font-weight: 400;\"><strong>Dans quel but et sur quelle base nous traitons les donn\u00e9es \u00e0 caract\u00e8re personnel<\/strong><\/p>\n<p style=\"font-weight: 400;\">Comfort Floors bvba traite vos donn\u00e9es personnelles aux fins suivantes :<\/p>\n<p style=\"font-weight: 400;\">- vous appeler ou vous envoyer un courrier \u00e9lectronique si cela s'av\u00e8re n\u00e9cessaire pour la prestation de nos services<\/p>\n<p style=\"font-weight: 400;\">- vous informer des modifications apport\u00e9es \u00e0 nos services et produits<\/p>\n<p style=\"font-weight: 400;\"><strong>Dur\u00e9e de conservation des donn\u00e9es personnelles<\/strong><\/p>\n<p style=\"font-weight: 400;\">Comfort Floors bvba ne conservera pas vos donn\u00e9es personnelles plus longtemps que ce qui est strictement n\u00e9cessaire pour atteindre les objectifs pour lesquels vos donn\u00e9es ont \u00e9t\u00e9 collect\u00e9es.<\/p>\n<p style=\"font-weight: 400;\">Toutes les donn\u00e9es seront conserv\u00e9es pendant un maximum de deux ans.<\/p>\n<p style=\"font-weight: 400;\"><strong>Partage de donn\u00e9es \u00e0 caract\u00e8re personnel avec des tiers<\/strong><\/p>\n<p style=\"font-weight: 400;\">Comfort Floors bvba ne fournit des informations \u00e0 des tiers que si cela est n\u00e9cessaire pour remplir notre contrat avec vous ou pour se conformer \u00e0 une obligation l\u00e9gale.<\/p>\n<p style=\"font-weight: 400;\"><strong>Cookies, ou techniques similaires, que nous utilisons<\/strong><\/p>\n<p style=\"font-weight: 400;\">Comfort Floors bvba utilise des cookies fonctionnels, analytiques et de suivi. Un cookie est un petit fichier texte qui est stock\u00e9 dans le navigateur de votre ordinateur, tablette ou smartphone lors de votre premi\u00e8re visite sur ce site web. Comfort Floors bvba utilise des cookies ayant une fonctionnalit\u00e9 purement technique. Ils garantissent que le site web fonctionne correctement et que, par exemple, vos pr\u00e9f\u00e9rences sont m\u00e9moris\u00e9es. Ces cookies sont \u00e9galement utilis\u00e9s pour assurer le bon fonctionnement et l'optimisation du site web. En outre, nous pla\u00e7ons des cookies qui suivent votre comportement de navigation afin de pouvoir vous proposer un contenu et des publicit\u00e9s sur mesure.<\/p>\n<p style=\"font-weight: 400;\">Lors de votre premi\u00e8re visite sur notre site web, nous vous avons d\u00e9j\u00e0 inform\u00e9 de l'existence de ces cookies et nous vous avons demand\u00e9 la permission de les installer.<\/p>\n<p style=\"font-weight: 400;\">Vous pouvez refuser les cookies en param\u00e9trant votre navigateur Internet de mani\u00e8re \u00e0 ce qu'il ne les stocke plus. En outre, vous pouvez \u00e9galement supprimer toute information pr\u00e9c\u00e9demment stock\u00e9e via les param\u00e8tres de votre navigateur.<\/p>\n<p style=\"font-weight: 400;\">Pour une explication, voir : https:\/\/veiliginternetten.nl\/themes\/situatie\/cookies-wat-zijn-het-en-wat-doe-ik-ermee\/<\/p>\n<p style=\"font-weight: 400;\">Des cookies sont \u00e9galement install\u00e9s sur ce site web par des tiers. Il s'agit, par exemple, d'annonceurs et\/ou de soci\u00e9t\u00e9s de m\u00e9dias sociaux. En voici un aper\u00e7u :<\/p>\n<p style=\"font-weight: 400;\">Cookie : Googly Analytics<\/p>\n<p style=\"font-weight: 400;\">Nom : _utma<\/p>\n<p style=\"font-weight: 400;\">Fonction : cookie analytique mesurant le trafic sur le site web<\/p>\n<p style=\"font-weight: 400;\">P\u00e9riode de conservation : 2 ans<\/p>\n<p style=\"font-weight: 400;\"><strong>Visualiser, modifier ou supprimer des donn\u00e9es<\/strong><\/p>\n<p style=\"font-weight: 400;\">Vous avez le droit de consulter, de corriger ou de supprimer vos donn\u00e9es personnelles. Vous avez \u00e9galement le droit de retirer votre \u00e9ventuel consentement au traitement des donn\u00e9es ou de vous opposer au traitement de vos donn\u00e9es personnelles par Comfort Floors bvba, et vous avez le droit \u00e0 la portabilit\u00e9 des donn\u00e9es. Cela signifie que vous pouvez nous demander d'envoyer les donn\u00e9es personnelles que nous d\u00e9tenons sur vous dans un fichier informatique \u00e0 vous-m\u00eame ou \u00e0 une autre organisation que vous avez d\u00e9sign\u00e9e.<\/p>\n<p style=\"font-weight: 400;\">Vous pouvez envoyer une demande d'acc\u00e8s, de correction, de suppression, de transfert de vos donn\u00e9es personnelles ou demander la r\u00e9vocation de votre consentement ou de votre objection au traitement de vos donn\u00e9es personnelles \u00e0 info@comfort.expertmedia.be.<\/p>\n<p style=\"font-weight: 400;\">Afin de s'assurer que la demande de contr\u00f4le \u00e9mane bien de vous, nous vous demandons de joindre \u00e0 votre demande une copie de votre preuve d'identit\u00e9. Dans cette copie, noircissez votre photo de passeport, la MRZ (zone de lecture automatique, la bande de chiffres au bas du passeport) et le num\u00e9ro de passeport. Cette mesure vise \u00e0 prot\u00e9ger votre vie priv\u00e9e. Nous r\u00e9pondrons \u00e0 votre demande d\u00e8s que possible, mais dans un d\u00e9lai de quatre semaines.<\/p>\n<p style=\"font-weight: 400;\">Comfort Floors bvba souhaite \u00e9galement vous informer que vous avez la possibilit\u00e9 d'introduire une plainte aupr\u00e8s de l'autorit\u00e9 de contr\u00f4le nationale, l'Autorit\u00e9 de protection des donn\u00e9es (GBA). Vous pouvez le faire via le lien suivant : https:\/\/www.gegevensbeschermingsautoriteit.be\/verzoek-klacht-indienen<\/p>\n<p style=\"font-weight: 400;\"><strong>Comment nous s\u00e9curisons les donn\u00e9es personnelles<\/strong><\/p>\n<p style=\"font-weight: 400;\">Comfort Floors bvba prend au s\u00e9rieux la protection de vos donn\u00e9es et prend des mesures appropri\u00e9es pour lutter contre les abus, les pertes, les acc\u00e8s non autoris\u00e9s, les divulgations non d\u00e9sir\u00e9es et les modifications non autoris\u00e9es. Si vous avez l'impression que vos donn\u00e9es ne sont pas correctement s\u00e9curis\u00e9es ou qu'il y a des indications d'abus, veuillez contacter notre service client\u00e8le ou via info@comfort.expertmedia.be. Comfort Floors bvba a pris les mesures suivantes pour s\u00e9curiser vos donn\u00e9es personnelles :<\/p>\n<p style=\"font-weight: 400;\">- TLS (anciennement SSL) Nous envoyons vos donn\u00e9es via une connexion internet s\u00e9curis\u00e9e. Vous pouvez le reconna\u00eetre \u00e0 la barre d'adresse \"https\" et au cadenas dans la barre d'adresse.<\/p>","protected":false},"excerpt":{"rendered":"<p>Privacy verklaring Comfort Floors bvba, gevestigd aan Oeyvaersbosch 19 Aartselaar 2630, is verantwoordelijk voor de verwerking van persoonsgegevens zoals weergegeven in deze privacyverklaring. Contactgegevens: Home Aartselaar 2630 Oeyvaersbosch 19,\u00a0 Belgi\u00eb +32 483 73 84 95 Persoonsgegevens die wij verwerken Comfort Floors bvba verwerkt uw persoonsgegevens doordat u gebruik maakt van onze diensten en\/of omdat u [&hellip;]<\/p>\n","protected":false},"author":8,"featured_media":0,"parent":0,"menu_order":0,"comment_status":"closed","ping_status":"closed","template":"","meta":{"_monsterinsights_skip_tracking":false,"_monsterinsights_sitenote_active":false,"_monsterinsights_sitenote_note":"","_monsterinsights_sitenote_category":0,"footnotes":""},"class_list":["post-414","page","type-page","status-publish","hentry"],"_links":{"self":[{"href":"https:\/\/comfortfloors.be\/fr\/wp-json\/wp\/v2\/pages\/414","targetHints":{"allow":["GET"]}}],"collection":[{"href":"https:\/\/comfortfloors.be\/fr\/wp-json\/wp\/v2\/pages"}],"about":[{"href":"https:\/\/comfortfloors.be\/fr\/wp-json\/wp\/v2\/types\/page"}],"author":[{"embeddable":true,"href":"https:\/\/comfortfloors.be\/fr\/wp-json\/wp\/v2\/users\/8"}],"replies":[{"embeddable":true,"href":"https:\/\/comfortfloors.be\/fr\/wp-json\/wp\/v2\/comments?post=414"}],"version-history":[{"count":1,"href":"https:\/\/comfortfloors.be\/fr\/wp-json\/wp\/v2\/pages\/414\/revisions"}],"predecessor-version":[{"id":1447,"href":"https:\/\/comfortfloors.be\/fr\/wp-json\/wp\/v2\/pages\/414\/revisions\/1447"}],"wp:attachment":[{"href":"https:\/\/comfortfloors.be\/fr\/wp-json\/wp\/v2\/media?parent=414"}],"curies":[{"name":"wp","href":"https:\/\/api.w.org\/{rel}","templated":true}]}}