{"id":840,"date":"2023-12-23T11:35:39","date_gmt":"2023-12-23T11:35:39","guid":{"rendered":"https:\/\/comfortfloors.be\/cookiebeleid-eu\/"},"modified":"2025-02-21T07:36:40","modified_gmt":"2025-02-21T06:36:40","slug":"cookiebeleid-eu","status":"publish","type":"page","link":"https:\/\/comfortfloors.be\/fr\/cookiebeleid-eu\/","title":{"rendered":"Politique en mati\u00e8re de cookies"},"content":{"rendered":"<div data-elementor-type=\"wp-page\" data-elementor-id=\"840\" class=\"elementor elementor-840\">\n\t\t\t\t<div class=\"elementor-element elementor-element-68950d7a e-flex e-con-boxed e-con e-parent\" data-id=\"68950d7a\" data-element_type=\"container\" data-e-type=\"container\">\n\t\t\t\t\t<div class=\"e-con-inner\">\n\t\t\t\t<div class=\"elementor-element elementor-element-54ab7f8 elementor-widget elementor-widget-text-editor\" data-id=\"54ab7f8\" data-element_type=\"widget\" data-e-type=\"widget\" data-widget_type=\"text-editor.default\">\n\t\t\t\t<div class=\"elementor-widget-container\">\n\t\t\t\t\t\t\t\t\t<h2>1. G\u00e9n\u00e9ralit\u00e9s<\/h2>\n<p>Avec cette d\u00e9claration sur les cookies (ci-apr\u00e8s \"D\u00e9claration sur les cookies\"), nous souhaitons vous informer, en tant que visiteur, de l'utilisation de cookies et de technologies similaires lors de l'utilisation de ce site web.<a href=\"https:\/\/comfortfloors.be\/fr\/\">&nbsp;https:\/\/comfortfloors.be\/<\/a>&nbsp;(ci-apr\u00e8s d\u00e9nomm\u00e9 \"site web\").<\/p>\n<p>La pr\u00e9sente d\u00e9claration relative aux cookies fait partie int\u00e9grante de la d\u00e9claration de confidentialit\u00e9, qui peut \u00e9galement \u00eatre consult\u00e9e sur notre site web \u00e0 l'adresse suivante&nbsp;<a href=\"https:\/\/comfortfloors.be\/fr\/privacy\/\">ce lien.<\/a><\/p>\n<h2 style=\"font-weight: var( --e-global-typography-primary-font-weight );\">2. Qu'est-ce qu'un cookie ?<\/h2>\n<p>Les cookies sont de petits fichiers de donn\u00e9es ou de texte stock\u00e9s par le navigateur internet sur votre ordinateur ou votre appareil mobile lorsque vous visitez un site web ou utilisez une application.<\/p>\n<p>Les cookies nous aident \u00e0 optimiser et \u00e0 am\u00e9liorer votre visite sur le site web. Les cookies peuvent prendre diff\u00e9rentes formes : ils peuvent \u00eatre plac\u00e9s par nous-m\u00eames (\"cookies de premi\u00e8re partie\") ou par des tiers (\"cookies de tierce partie\"). Les cookies de tiers font en sorte que certaines donn\u00e9es soient envoy\u00e9es par votre visite ou votre utilisation d'un service en ligne \u00e0 des tiers, tels que Google Analytics (voir ci-dessous).<\/p>\n<p>Les cookies sont parfois plac\u00e9s de mani\u00e8re temporaire (\"cookies de session\", qui sont supprim\u00e9s lorsque vous fermez le navigateur) et parfois de mani\u00e8re permanente (\"cookies persistants\", qui restent en place jusqu'\u00e0 ce qu'ils expirent ou que vous les supprimiez).<\/p>\n<p>Comme indiqu\u00e9 ci-dessus, les cookies permettent d'optimiser votre visite sur le site web. Avant tout, nous utilisons des cookies pour am\u00e9liorer votre exp\u00e9rience d'utilisateur et faire en sorte que nos services en ligne fonctionnent mieux. De mani\u00e8re g\u00e9n\u00e9rale, les cookies facilitent et acc\u00e9l\u00e8rent l'interaction entre vous et le site web.<\/p>\n<h2 style=\"font-weight: var( --e-global-typography-primary-font-weight );\">3. Quels sont les cookies utilis\u00e9s ?<\/h2>\n<p>Il existe diff\u00e9rents types de cookies, en fonction de leur fonctionnalit\u00e9, de leur origine et\/ou de leur dur\u00e9e de conservation.<\/p>\n<h2 style=\"font-weight: var( --e-global-typography-primary-font-weight );\">3.1. Cookies fonctionnels<\/h2>\n<p>Les cookies fonctionnels sont n\u00e9cessaires au bon fonctionnement du site web ; en bref, ils sont essentiels. Ces informations n'enregistrent aucune donn\u00e9e sp\u00e9cifique sur l'utilisateur individuel.<\/p>\n<p>Nous utilisons les \u00e9l\u00e9ments suivants&nbsp;<u>cookies techniques \/ fonctionnels<\/u>:<\/p>\n<p>Nous utilisons WordPress pour le d\u00e9veloppement de sites web. Plus d'informations :&nbsp;<a href=\"https:\/\/cookiedatabase.org\/service\/wordpress\/\">https:\/\/cookiedatabase.org\/service\/wordpress\/<\/a><br>Ces donn\u00e9es ne sont pas communiqu\u00e9es \u00e0 des tiers.<\/p>\n<table width=\"1140\">\n<tbody>\n<tr>\n<td width=\"149\">\n<p>Nom<\/p>\n<\/td>\n<td width=\"149\">\n<p>Fournisseur<\/p>\n<\/td>\n<td width=\"149\">\n<p>La dur\u00e9e<\/p>\n<\/td>\n<\/tr>\n<tr>\n<td width=\"149\">\n<p>WordPress<\/p>\n<\/td>\n<td width=\"149\">\n<p>wordpress<\/p>\n<\/td>\n<td width=\"149\">\n<p>Session<\/p>\n<\/td>\n<\/tr>\n<\/tbody>\n<\/table>\n<p>Objectif de WordPress : sauvegarder les sp\u00e9cifications du navigateur<\/p>\n<p><strong>Statistiques (anonymes) :&nbsp;<\/strong><\/p>\n<p>Nous utilisons Elementor pour la cr\u00e9ation de contenu. En savoir plus :&nbsp;<a href=\"https:\/\/cookiedatabase.org\/service\/elementor\/\">https:\/\/cookiedatabase.org\/service\/elementor\/<\/a><br>Ces donn\u00e9es ne sont pas communiqu\u00e9es \u00e0 des tiers.<\/p>\n<table width=\"1140\">\n<tbody>\n<tr>\n<td width=\"149\">\n<p>Nom<\/p>\n<\/td>\n<td width=\"149\">\n<p>Fournisseur<\/p>\n<\/td>\n<td width=\"149\">\n<p>La dur\u00e9e<\/p>\n<\/td>\n<\/tr>\n<tr>\n<td width=\"149\">\n<p>Elementor<\/p>\n<\/td>\n<td width=\"149\">\n<p>Elementor<\/p>\n<\/td>\n<td width=\"149\">\n<p>Permanent<\/p>\n<\/td>\n<\/tr>\n<\/tbody>\n<\/table>\n<p>Objectif d'Elementor : cr\u00e9ation de contenu et conception de sites web.<\/p>\n<p><strong>Cookieyes-consent :&nbsp;<\/strong><\/p>\n<table width=\"1140\">\n<tbody>\n<tr>\n<td width=\"149\">\n<p>Nom<\/p>\n<\/td>\n<td width=\"149\">\n<p>Fournisseur<\/p>\n<\/td>\n<td width=\"149\">\n<p>La dur\u00e9e<\/p>\n<\/td>\n<\/tr>\n<tr>\n<td width=\"149\">\n<p>Cookieyes-consent<\/p>\n<\/td>\n<td width=\"149\">\n<p>CookieOui<\/p>\n<\/td>\n<td width=\"149\">\n<p>&nbsp;1 an<\/p>\n<\/td>\n<\/tr>\n<\/tbody>\n<\/table>\n<p>Objectif des cookies : m\u00e9moriser les pr\u00e9f\u00e9rences de l'utilisateur. De cette mani\u00e8re, nous nous assurons que les pr\u00e9f\u00e9rences sont respect\u00e9es \u00e0 chaque visite sur ce site. Cookieyes ne stocke pas et ne conserve pas d'informations personnelles sur les visiteurs.<\/p>\n<p><strong>PHP :<\/strong><\/p>\n<table width=\"1140\">\n<tbody>\n<tr>\n<td width=\"149\">\n<p>Nom<\/p>\n<\/td>\n<td width=\"149\">\n<p>Fournisseur<\/p>\n<\/td>\n<td width=\"149\">\n<p>La dur\u00e9e<\/p>\n<\/td>\n<\/tr>\n<tr>\n<td width=\"149\">\n<p>PHPSESSID<\/p>\n<\/td>\n<td width=\"149\">\n<p>CookieOui<\/p>\n<\/td>\n<td width=\"149\">\n<p>&nbsp;Session<\/p>\n<\/td>\n<\/tr>\n<\/tbody>\n<\/table>\n<p>Objectif de PHPSESSID : Ce cookie provient \u00e0 l'origine des applications PHP. Il stocke et identifie l'identifiant de session unique du visiteur afin de g\u00e9rer les sessions sur ce site web. Ce cookie est un cookie de session et sera supprim\u00e9 lorsque toutes les fen\u00eatres du navigateur seront ferm\u00e9es.<\/p>\n<h2 style=\"font-weight: var( --e-global-typography-primary-font-weight );\">3.2. Cookies analytiques<\/h2>\n<p>Les cookies analytiques recueillent des informations g\u00e9n\u00e9rales sur la mani\u00e8re dont vous ou d'autres utilisateurs utilisent nos services en ligne. Cela nous permet d'en savoir plus sur la mani\u00e8re dont vous, en tant que visiteur, interagissez avec le contenu de notre site web et y r\u00e9pondez. Cela nous permet d'am\u00e9liorer encore la conception de notre site web. Les informations en question n'enregistrent aucune donn\u00e9e sp\u00e9cifique sur l'utilisateur individuel. Les informations sont utilis\u00e9es uniquement pour cr\u00e9er et analyser des statistiques web \u00e0 un niveau agr\u00e9g\u00e9, dans le contexte de l'objectif susmentionn\u00e9.<\/p>\n<p>Nous utilisons les \u00e9l\u00e9ments suivants&nbsp;<u>les cookies analytiques :<\/u><\/p>\n<table width=\"1140\">\n<tbody>\n<tr>\n<td width=\"149\">\n<p>Nom<\/p>\n<\/td>\n<td width=\"149\">\n<p>Fournisseur<\/p>\n<\/td>\n<td width=\"149\">\n<p>Type<\/p>\n<\/td>\n<td width=\"149\">\n<p>La dur\u00e9e<\/p>\n<\/td>\n<\/tr>\n<tr>\n<td width=\"149\">\n<p>_tccl_visitor<\/p>\n<p>Visite_tccl<\/p>\n<\/td>\n<td width=\"149\">\n<p>.comfortfloors.be<\/p>\n<\/td>\n<td width=\"149\">&nbsp;<\/td>\n<td width=\"149\">\n<p>1 an<\/p>\n<p>1 heure<\/p>\n<\/td>\n<\/tr>\n<tr>\n<td width=\"149\">\n<p>Gcl_au<\/p>\n<\/td>\n<td width=\"149\">\n<p>.comfortfloors.be<\/p>\n<\/td>\n<td width=\"149\">&nbsp;<\/td>\n<td width=\"149\">\n<p>3 mois<\/p>\n<\/td>\n<\/tr>\n<tr>\n<td width=\"149\">\n<p>CONSENTEMENT<\/p>\n<\/td>\n<td width=\"149\">\n<p>.youtube.com<\/p>\n<\/td>\n<td width=\"149\">\n<p>Cookie de tiers<\/p>\n<\/td>\n<td width=\"149\">\n<p>2 ans<\/p>\n<\/td>\n<\/tr>\n<\/tbody>\n<\/table>\n<p><strong>Description tccl_visitor :<\/strong>&nbsp;Godaddy utilise ce cookie pour collecter des donn\u00e9es agr\u00e9g\u00e9es et anonymes afin d'am\u00e9liorer les performances du site.<\/p>\n<p><strong>Description tccl_visit :&nbsp;<\/strong>Godaddy utilise ce cookie pour collecter des donn\u00e9es agr\u00e9g\u00e9es et anonymes afin d'am\u00e9liorer les performances du site.<\/p>\n<p><strong>Description CONSENTEMENT :<\/strong>&nbsp;YouTube installe ce cookie via les vid\u00e9os YouTube int\u00e9gr\u00e9es et enregistre des donn\u00e9es statistiques anonymes.<\/p>\n<p><strong>Description _gcl_au :&nbsp;<\/strong>Google Tag Manager d\u00e9finit ce cookie pour contr\u00f4ler l'efficacit\u00e9 et le fonctionnement des annonces sur le site qui utilise leurs services.<\/p>\n<h2 style=\"font-weight: var( --e-global-typography-primary-font-weight );\">3.3. Cookies de suivi ou de marketing<\/h2>\n<p>Nous utilisons \u00e9galement des cookies de suivi de tiers sur le site web, tels que Facebook Pixel, pour vous proposer des offres personnalis\u00e9es bas\u00e9es sur votre comportement de navigation. Votre appareil sera reconnu si, apr\u00e8s avoir visit\u00e9 notre site web, vous visitez un autre site web dans la m\u00eame gamme de publicit\u00e9. Cela nous permet d'afficher nos publicit\u00e9s sur cet autre site web. Toutefois, nous n'utilisons ces donn\u00e9es que pour vous montrer ces publicit\u00e9s et nous ne les relierons jamais \u00e0 d'autres fichiers.<\/p>\n<p>Nous utilisons d\u00e9j\u00e0 les \u00e9l\u00e9ments suivants&nbsp;<u>les cookies de marketing :<\/u><\/p>\n<table width=\"1140\">\n<tbody>\n<tr>\n<td width=\"153\">\n<p>Nom<\/p>\n<\/td>\n<td width=\"153\">\n<p>Fournisseur<\/p>\n<\/td>\n<td width=\"153\">\n<p>Type<\/p>\n<\/td>\n<td width=\"153\">\n<p>La dur\u00e9e<\/p>\n<\/td>\n<\/tr>\n<tr>\n<td width=\"153\">\n<p>CSY<\/p>\n<p>Visitor_info01_Live<\/p>\n<p>YT-remote-device-id<\/p>\n<p>yt-remote-connected-devices<\/p>\n<p>test_cookie<\/p>\n<p>IDE<\/p>\n<\/td>\n<td width=\"153\">\n<p>.youtube.com<\/p>\n<p>.youtube.com<\/p>\n<p>.youtube.com<\/p>\n<p>.youtube.com<\/p>\n<p>.doubleclick.net<\/p>\n<p>.doubleclick.net<\/p>\n<\/td>\n<td width=\"153\">&nbsp;<\/td>\n<td width=\"153\">\n<p>Session<\/p>\n<p>6 mois<\/p>\n<p>Jamais<\/p>\n<p>Jamais<\/p>\n<p>15 minutes<\/p>\n<p>1 an et 24 jours<\/p>\n<\/td>\n<\/tr>\n<\/tbody>\n<\/table>\n<p><strong>Description YSC :<\/strong>&nbsp;Youtube place ce cookie pour suivre les vues des vid\u00e9os int\u00e9gr\u00e9es sur les pages de Youtube.<\/p>\n<p><strong>Description VISITOR_INFO01_LIVE :<\/strong>&nbsp;YouTube utilise ce cookie pour mesurer la bande passante et d\u00e9terminer si l'utilisateur dispose de l'ancienne ou de la nouvelle interface de lecture.<\/p>\n<p><strong>Description : yt-remote)device-id :<\/strong>&nbsp;YouTube utilise ce cookie pour stocker les pr\u00e9f\u00e9rences vid\u00e9o de l'utilisateur lors de l'utilisation de vid\u00e9os YouTube int\u00e9gr\u00e9es.<\/p>\n<p><strong>Description yt-remote-connected-devices :<\/strong>&nbsp;YouTube utilise ce cookie pour stocker les pr\u00e9f\u00e9rences vid\u00e9o de l'utilisateur lors de l'utilisation de vid\u00e9os YouTube int\u00e9gr\u00e9es.<\/p>\n<p><strong>Description test_cookie :<\/strong>&nbsp;doubleclick.net met en place ce cookie pour d\u00e9terminer si le navigateur de l'utilisateur accepte les cookies.<\/p>\n<p><strong>Description IDE :<\/strong>&nbsp;Les cookies DoubleClick IDE de Google stockent des informations sur la fa\u00e7on dont l'utilisateur utilise le site web afin de lui pr\u00e9senter des annonces pertinentes bas\u00e9es sur son profil.<\/p>\n<p><br><\/p>\n<p><b>Cookies hors catalogue :&nbsp;<\/b><\/p>\n<p>- VISITOR_PRIVACY_METADATA : .youtube.com - 6 mois.<\/p>\n<h2 style=\"font-weight: var( --e-global-typography-primary-font-weight );\">4. Suppression des cookies<\/h2>\n<p>Vous pouvez ajuster les param\u00e8tres des cookies en suivant les instructions de votre navigateur. Si vous continuez \u00e0 naviguer sur le site web sans modifier les param\u00e8tres de votre navigateur, nous supposerons que vous acceptez nos cookies.  En outre, vous pouvez \u00e9galement supprimer les cookies en effa\u00e7ant d\u00e9finitivement votre \"historique de navigation\".<\/p>\n<p>Toutefois, la d\u00e9sactivation des cookies peut avoir pour cons\u00e9quence que certaines applications du site web et des services suppl\u00e9mentaires ne fonctionnent plus de mani\u00e8re optimale et sont donc plus lents.<\/p>\n<p>Les liens ci-dessous vous donneront plus d'informations sur la mani\u00e8re de proc\u00e9der,&nbsp;<em>cfr.<\/em>&nbsp;diff\u00e9rents navigateurs :<\/p>\n<ul>\n<li><strong>Chrome<\/strong>:&nbsp;<a href=\"https:\/\/support.google.com\/chrome\/answer\/95647?hl=nl\">https:\/\/support.google.com\/chrome\/answer\/95647?hl=nl<\/a><\/li>\n<li><strong>Firefox<\/strong>:&nbsp;<a href=\"https:\/\/support.mozilla.org\/nl\/kb\/cookies-verwijderen-gegevens-wissen-websites-opgeslagen\">https:\/\/support.mozilla.org\/nl\/kb\/cookies-verwijderen-gegevens-wissen-websites-opgeslagen<\/a><\/li>\n<li><strong>Internet Explorer<\/strong>:&nbsp;<a href=\"https:\/\/support.microsoft.com\/nl-be\/help\/17442\/windows-internet-explorer-delete-manage-cookies\">https:\/\/support.microsoft.com\/nl-be\/help\/17442\/windows-internet-explorer-delete-manage-cookies<\/a><\/li>\n<li><strong>Microsoft edge<\/strong>:&nbsp;<a href=\"https:\/\/support.microsoft.com\/nl-be\/help\/4027947\/microsoft-edge-delete-cookies\">https:\/\/support.microsoft.com\/nl-be\/help\/4027947\/microsoft-edge-delete-cookies<\/a><\/li>\n<li><strong>Safari<\/strong>:&nbsp;<a href=\"https:\/\/support.apple.com\/nl-be\/guide\/safari\/sfri11471\/mac\">https:\/\/support.apple.com\/nl-be\/guide\/safari\/sfri11471\/mac<\/a><\/li>\n<\/ul>\n<h2 style=\"font-weight: var( --e-global-typography-primary-font-weight );\">5. Changements<\/h2>\n<p>Nous nous r\u00e9servons le droit de modifier unilat\u00e9ralement la d\u00e9claration relative aux cookies \u00e0 tout moment, par exemple dans le contexte d'une nouvelle l\u00e9gislation. Toute version modifi\u00e9e est bien entendu en ligne et peut \u00eatre consult\u00e9e sur le site web. \u00c0 compter de sa publication, la version modifi\u00e9e de la d\u00e9claration relative aux cookies est imm\u00e9diatement applicable.<\/p>\n<p>Si vous avez d'autres questions concernant ces d\u00e9clarations sur les cookies, vous pouvez toujours nous contacter \u00e0 l'adresse suivante :<\/p>\n<ul>\n<li>par lettre : COMFORT FLOORS, Oeyvaersbosch 19, Aartselaar 2630 ; Belgique<\/li>\n<li>par courrier \u00e9lectronique : info@comfort.expertmedia.be<\/li>\n<li>par t\u00e9l\u00e9phone : +32 483 73 84 95<\/li>\n<\/ul>\n<p><u>Derni\u00e8re mise \u00e0 jour :<\/u>&nbsp;24\/12\/2023<\/p>\t\t\t\t\t\t\t\t<\/div>\n\t\t\t\t<\/div>\n\t\t\t\t\t<\/div>\n\t\t\t\t<\/div>\n\t\t\t\t<\/div>","protected":false},"excerpt":{"rendered":"<p>1. Algemeen Met deze&nbsp;cookieverklaring (hierna \u201cCookieverklaring\u201d) wensen wij u&nbsp;als bezoeker&nbsp;te&nbsp;informeren over het gebruik van cookies en vergelijkbare technologie\u00ebn bij het gebruik maken van deze Website&nbsp;https:\/\/comfortfloors.be\/&nbsp;(hierna \u201cWebsite\u201d). Deze Cookieverklaring maakt integraal deel uit van de Privacyverklaring&nbsp;die ook op onze Website raadpleegbaar is via&nbsp;deze link. 2. Wat zijn cookies? Cookies zijn kleine data- of tekstbestanden die door [&hellip;]<\/p>\n","protected":false},"author":8,"featured_media":0,"parent":0,"menu_order":0,"comment_status":"closed","ping_status":"closed","template":"","meta":{"_monsterinsights_skip_tracking":false,"_monsterinsights_sitenote_active":false,"_monsterinsights_sitenote_note":"","_monsterinsights_sitenote_category":0,"footnotes":""},"class_list":["post-840","page","type-page","status-publish","hentry"],"_links":{"self":[{"href":"https:\/\/comfortfloors.be\/fr\/wp-json\/wp\/v2\/pages\/840","targetHints":{"allow":["GET"]}}],"collection":[{"href":"https:\/\/comfortfloors.be\/fr\/wp-json\/wp\/v2\/pages"}],"about":[{"href":"https:\/\/comfortfloors.be\/fr\/wp-json\/wp\/v2\/types\/page"}],"author":[{"embeddable":true,"href":"https:\/\/comfortfloors.be\/fr\/wp-json\/wp\/v2\/users\/8"}],"replies":[{"embeddable":true,"href":"https:\/\/comfortfloors.be\/fr\/wp-json\/wp\/v2\/comments?post=840"}],"version-history":[{"count":1,"href":"https:\/\/comfortfloors.be\/fr\/wp-json\/wp\/v2\/pages\/840\/revisions"}],"predecessor-version":[{"id":1435,"href":"https:\/\/comfortfloors.be\/fr\/wp-json\/wp\/v2\/pages\/840\/revisions\/1435"}],"wp:attachment":[{"href":"https:\/\/comfortfloors.be\/fr\/wp-json\/wp\/v2\/media?parent=840"}],"curies":[{"name":"wp","href":"https:\/\/api.w.org\/{rel}","templated":true}]}}