{"id":870,"date":"2023-12-24T12:27:20","date_gmt":"2023-12-24T12:27:20","guid":{"rendered":"https:\/\/comfortfloors.be\/?page_id=870"},"modified":"2025-02-21T07:36:40","modified_gmt":"2025-02-21T06:36:40","slug":"disclaimer","status":"publish","type":"page","link":"https:\/\/comfortfloors.be\/fr\/disclaimer\/","title":{"rendered":"Clause de non-responsabilit\u00e9"},"content":{"rendered":"<div data-elementor-type=\"wp-page\" data-elementor-id=\"870\" class=\"elementor elementor-870\">\n\t\t\t\t<div class=\"elementor-element elementor-element-0ee2a29 e-flex e-con-boxed e-con e-parent\" data-id=\"0ee2a29\" data-element_type=\"container\" data-e-type=\"container\">\n\t\t\t\t\t<div class=\"e-con-inner\">\n\t\t\t\t<div class=\"elementor-element elementor-element-dcc1988 elementor-widget elementor-widget-heading\" data-id=\"dcc1988\" data-element_type=\"widget\" data-e-type=\"widget\" data-widget_type=\"heading.default\">\n\t\t\t\t<div class=\"elementor-widget-container\">\n\t\t\t\t\t<h2 class=\"elementor-heading-title elementor-size-default\">Disclaimer Comfort Floors<\/h2>\t\t\t\t<\/div>\n\t\t\t\t<\/div>\n\t\t\t\t\t<\/div>\n\t\t\t\t<\/div>\n\t\t<div class=\"elementor-element elementor-element-46b22f9 e-flex e-con-boxed e-con e-parent\" data-id=\"46b22f9\" data-element_type=\"container\" data-e-type=\"container\">\n\t\t\t\t\t<div class=\"e-con-inner\">\n\t\t\t\t<div class=\"elementor-element elementor-element-a4b1ced elementor-widget elementor-widget-text-editor\" data-id=\"a4b1ced\" data-element_type=\"widget\" data-e-type=\"widget\" data-widget_type=\"text-editor.default\">\n\t\t\t\t<div class=\"elementor-widget-container\">\n\t\t\t\t\t\t\t\t\t<p>Cette clause de non-responsabilit\u00e9 s'applique au site web https:\/\/comfortfloors.be (ci-apr\u00e8s le \"site web\"). Le site web est exploit\u00e9 par IVE GODECKE - COMFORT FLOORS, ci-apr\u00e8s d\u00e9nomm\u00e9 \"COMFORT FLOORS\". En acc\u00e9dant au site web et en l'utilisant, vous marquez express\u00e9ment, en tant que visiteur, votre accord avec les pr\u00e9sentes conditions g\u00e9n\u00e9rales.<strong>. Vous pouvez trouver le lien vers nos d\u00e9clarations compl\u00e8tes de confidentialit\u00e9 et de cookies en cliquant sur les liens suivants :<\/strong><\/p><ul><li><strong>D\u00e9claration de confidentialit\u00e9 :\u00a0<\/strong><\/li><li><strong>D\u00e9claration sur les cookies :\u00a0<\/strong><\/li><\/ul><p><strong><u>Propri\u00e9t\u00e9 de :<\/u><\/strong><\/p><p><strong>SOLS CONFORT<\/strong>situ\u00e9 \u00e0 Oeyvaersbosch 19Aartselaar 2630 ; Belgique avec le num\u00e9ro KBO BE 0544465849<\/p><ul><li>E-mail:\u00a0info@comfort.expertmedia.be<\/li><li>T\u00e9l\u00e9phone : +32 483 73 84 95<\/li><\/ul><p>\u00a0<\/p><h2>1. Droits de propri\u00e9t\u00e9 intellectuelle<\/h2><p>Tous les \u00e9l\u00e9ments du site Web (y compris les marques, logos, conceptions, informations, dessins, donn\u00e9es, noms de produits et\/ou d'entreprises, textes, images, logiciels, etc.) sont prot\u00e9g\u00e9s par des droits intellectuels (y compris, mais sans s'y limiter, les droits d'auteur et les droits de marque) appartenant \u00e0 COMFORT FLOORS ou \u00e0 des tiers qui ont autoris\u00e9 leur utilisation. L'\u00e9dition, la copie, la distribution, la diffusion, la reproduction, la traduction, la publication, le transfert, la vente ou l'utilisation \u00e0 des fins commerciales de quelque mani\u00e8re que ce soit sont express\u00e9ment interdits.<\/p><p>La fourniture de biens ou de services par COMFORT FLOORS n'implique aucun transfert ou mise \u00e0 disposition de ses droits intellectuels. Les exceptions \u00e0 cette r\u00e8gle ne sont accord\u00e9es que sur la base de notre consentement \u00e9crit pr\u00e9alable. Toute violation des droits intellectuels peut \u00eatre et sera poursuivie civilement et p\u00e9nalement conform\u00e9ment aux lois applicables.<\/p><p>\u00a0<\/p><h2>2. Responsabilit\u00e9<\/h2><p>PLANCHERS CONFORT s'efforce de s'assurer que toutes les informations sur le site Web sont aussi compl\u00e8tes, exactes et fiables que possible. Cependant, COMFORT FLOORS ne peut \u00eatre tenu responsable de toute information potentiellement incorrecte sur le site Web.<\/p><p>COMFORT FLOORS ne peut \u00e9galement \u00eatre tenu responsable du mauvais fonctionnement de ce Site et de tout dommage direct ou indirect r\u00e9sultant de l'utilisation du Site ou des informations mises \u00e0 disposition sur ou via le Site, y compris, sans limitation, toutes pertes, interruptions de travail, dommages \u00e0 vos programmes ou autres donn\u00e9es sur le syst\u00e8me informatique, \u00e0 votre \u00e9quipement ou \u00e0 vos programmes. COMFORT FLOORS se r\u00e9serve le droit, dans certains cas de force majeure, de restreindre ou de bloquer l'acc\u00e8s au site web<\/p>\t\t\t\t\t\t\t\t<\/div>\n\t\t\t\t<\/div>\n\t\t\t\t\t<\/div>\n\t\t\t\t<\/div>\n\t\t\t\t<\/div>","protected":false},"excerpt":{"rendered":"<p>Disclaimer Comfort Floors Deze disclaimer is van toepassing op de website\u00a0https:\/\/comfortfloors.be\u00a0(hierna de \u201cWebsite\u201d). De Website wordt beheerd door IVE GODECKE \u2013 COMFORT FLOORS, hierna aangeduid als \u201cCOMFORT FLOORS\u201d. Door de Website te openen en te gebruiken, geeft u als bezoeker uitdrukkelijk aan akkoord te gaan met deze voorwaarden. U kunt de link naar onze volledige [&hellip;]<\/p>\n","protected":false},"author":8,"featured_media":0,"parent":0,"menu_order":0,"comment_status":"closed","ping_status":"closed","template":"","meta":{"_monsterinsights_skip_tracking":false,"_monsterinsights_sitenote_active":false,"_monsterinsights_sitenote_note":"","_monsterinsights_sitenote_category":0,"footnotes":""},"class_list":["post-870","page","type-page","status-publish","hentry"],"_links":{"self":[{"href":"https:\/\/comfortfloors.be\/fr\/wp-json\/wp\/v2\/pages\/870","targetHints":{"allow":["GET"]}}],"collection":[{"href":"https:\/\/comfortfloors.be\/fr\/wp-json\/wp\/v2\/pages"}],"about":[{"href":"https:\/\/comfortfloors.be\/fr\/wp-json\/wp\/v2\/types\/page"}],"author":[{"embeddable":true,"href":"https:\/\/comfortfloors.be\/fr\/wp-json\/wp\/v2\/users\/8"}],"replies":[{"embeddable":true,"href":"https:\/\/comfortfloors.be\/fr\/wp-json\/wp\/v2\/comments?post=870"}],"version-history":[{"count":1,"href":"https:\/\/comfortfloors.be\/fr\/wp-json\/wp\/v2\/pages\/870\/revisions"}],"predecessor-version":[{"id":1436,"href":"https:\/\/comfortfloors.be\/fr\/wp-json\/wp\/v2\/pages\/870\/revisions\/1436"}],"wp:attachment":[{"href":"https:\/\/comfortfloors.be\/fr\/wp-json\/wp\/v2\/media?parent=870"}],"curies":[{"name":"wp","href":"https:\/\/api.w.org\/{rel}","templated":true}]}}